{"id":17270,"date":"2019-12-28T01:27:20","date_gmt":"2019-12-28T00:27:20","guid":{"rendered":"https:\/\/leclic.net\/aviso-legal\/"},"modified":"2023-02-03T17:46:46","modified_gmt":"2023-02-03T16:46:46","slug":"lege-abisua","status":"publish","type":"page","link":"https:\/\/leclic.net\/eu\/lege-abisua\/","title":{"rendered":"Lege abisua"},"content":{"rendered":"<h2>1. \u00c1mbito<\/h2>\n<p>El acceso a esta p\u00e1gina web se encuentra condicionado a la previa lectura y aceptaci\u00f3n por parte de cualquier persona usuaria de los t\u00e9rminos, condiciones, comunicaciones, advertencias y dem\u00e1s avisos legales contenidos en el presente clausulado.<\/p>\n<p>El acceso y posterior utilizaci\u00f3n de \u00e9sta por parte de la persona usuaria implicar\u00e1 su conformidad de forma expresa, plena y sin reservas, con la totalidad de su contenido.<\/p>\n<p>Si la persona usuaria no estuviera de acuerdo con el contenido de las presentes condiciones generales de navegaci\u00f3n deber\u00e1 abandonar esta p\u00e1gina web, no pudiendo acceder ni disponer de los servicios que \u00e9sta ofrece.<\/p>\n<p>Igualmente, acepta de forma expresa y sin excepciones que el acceso y la utilizaci\u00f3n del presente sitio web, de sus servicios y de los contenidos de dichos servicios tiene lugar bajo su \u00fanica y exclusiva responsabilidad.<\/p>\n<p>Visitar esta p\u00e1gina no tiene coste alguno y navegar por ella no requiere de registro previo.<\/p>\n<p>Las conexiones con otras p\u00e1ginas web, as\u00ed como el uso que la persona usuaria pueda hacer de las mismas est\u00e1 sujeto a las presentes condiciones generales de uso, a las condiciones generales que cada una de las p\u00e1ginas establezca, as\u00ed como los eventuales condicionados espec\u00edficos que los mismos requieran. Cualquier utilizaci\u00f3n distinta a la autorizada est\u00e1 expresamente prohibida.<\/p>\n<p>Alfonso Zarranz Lazcoz (en adelante, LeClic Fotomat\u00f3n) podr\u00e1 modificar de modo unilateral, en cualquier momento que estime oportuno la configuraci\u00f3n de su p\u00e1gina web, las condiciones del servicio y su contenido, as\u00ed como eliminarlos, limitarlos o suspenderlos de manera temporal o definitiva, as\u00ed como impedir el acceso a los mismos procurando informar la persona usuaria de dicho cambio, siempre y cuando las circunstancias as\u00ed se lo permitan, a trav\u00e9s de su publicaci\u00f3n en la p\u00e1gina web.<\/p>\n<h2>2. Identidad del titular de la presente web<\/h2>\n<p>Los datos identificativos de la entidad responsable de la presente p\u00e1gina web son los siguientes:<br \/>\nAlfonso Zarranz Lazcoz<br \/>\nC\/ Mundaiz 8, 1\u00ba, 20012 Donostia-San Sebasti\u00e1n (Gipuzkoa)<br \/>\n15.919.703-T<br \/>\ninfo@leclic.net<\/p>\n<h2>3. Derechos y obligaciones de la entidad proveedora de servicios<\/h2>\n<p>3.1.- Como proveedor del servicio, LeClic Fotomat\u00f3n se encuentra obligada a prestar los servicios ofertados por la presente p\u00e1gina web, a garantizar eficazmente el secreto de las comunicaciones que pudieran existir con la persona usuaria, as\u00ed como a responder a las reclamaciones que eventualmente pudieran plantearse.<\/p>\n<p>3.2.- En caso de efectuar operaciones de mantenimiento, reparaci\u00f3n, actualizaci\u00f3n o mejora de los servicios, LeClic Fotomat\u00f3n tiene el derecho a suspender temporalmente y sin necesidad de preaviso la accesibilidad a la presente p\u00e1gina web, as\u00ed como a reservarse el derecho de prestaci\u00f3n o cancelaci\u00f3n de los servicios, sin perjuicio de lo cual procurar\u00e1n ponerlo en conocimiento de las personas usuarias, siempre que las circunstancias as\u00ed se lo permitan.<\/p>\n<p>3.3.- El uso que las personas usuarias puedan realizar de los servicios y\/o datos y\/o informaci\u00f3n suministrada a los mismos a trav\u00e9s de la presente p\u00e1gina web se realizar\u00e1 por cuenta y riesgo de la persona usuaria.<\/p>\n<p>3.4.- Los derechos de propiedad intelectual sobre la presente p\u00e1gina web son titularidad de LeClic Fotomat\u00f3n.<\/p>\n<h2>4. Derechos y obligaciones de la persona usuaria<\/h2>\n<p>4.1.- En todo momento la persona usuaria, debe realizar un uso l\u00edcito de los servicios de la presente p\u00e1gina web de acuerdo con la legalidad vigente, respetando los derechos de propiedad intelectual de LeClic Fotomat\u00f3n.<br \/>\nEn este sentido, la persona usuaria garantiza que las actividades que desarrolle a trav\u00e9s de la presente p\u00e1gina web se adecuar\u00e1n a la ley, la moral, el orden p\u00fablico, las buenas costumbres y en ning\u00fan caso resultar\u00e1n ofensivas para el buen nombre e imagen comercial de LeClic Fotomat\u00f3n.<\/p>\n<p>4.2.- La persona usuaria no realizar\u00e1 a trav\u00e9s de los servicios que pone a su disposici\u00f3n LeClic Fotomat\u00f3n ninguna acci\u00f3n que cause da\u00f1o o alteraciones de los contenidos, ni obstaculizar\u00e1 el buen funcionamiento de la p\u00e1gina web, no causando problemas t\u00e9cnicos de ninguna \u00edndole, no transfiriendo elementos susceptibles de portar virus inform\u00e1ticos o de da\u00f1ar, interferir o interceptar total o parcialmente la presente p\u00e1gina web, as\u00ed como a no intervenir o alterar el correo electr\u00f3nico de otras personas usuarias.<\/p>\n<p>4.3.- La responsabilidad de la persona usuaria sobre la veracidad de los datos introducidos, es exclusiva, por lo que, en caso de haber facilitado datos falsos o inexactos, LeClic Fotomat\u00f3n se reserva el derecho a prohibirle el acceso a esta p\u00e1gina web.<\/p>\n<h2>5. Exclusi\u00f3n de garant\u00edas y de responsabilidad por el funcionamiento del sitio Web y de sus Servicios<\/h2>\n<p>5.1.- En cualquier caso, LeClic Fotomat\u00f3n realizar\u00e1 sus mejores esfuerzos de cara a mantener la disponibilidad continuada de la presente p\u00e1gina web.<\/p>\n<p>5.2.- LeClic Fotomat\u00f3n pone a disposici\u00f3n de las personas usuarias los sistemas de privacidad de datos personales que impidan el acceso a los mismos por parte de terceros. LeClic Fotomat\u00f3n ha implantado todas las medidas de seguridad t\u00e9cnicas y organizativas necesarias que garanticen la integridad, confidencialidad y disponibilidad de los datos personales facilitados por la persona usuaria.<br \/>\nEn este sentido, LeClic Fotomat\u00f3n se exime de todo tipo de responsabilidades sobre los da\u00f1os y perjuicios que puedan surgir debido a ese tipo de situaciones.<\/p>\n<p>5.3.- Pese a que LeClic Fotomat\u00f3n ha implantado todas aquellas medidas adecuadas para garantizar la seguridad en esta materia, no controla ni garantiza la ausencia de virus ni de otros elementos en los contenidos de la presente p\u00e1gina web que puedan producir alteraciones en el sistema inform\u00e1tico (software y hardware) de la persona usuaria o en los documentos electr\u00f3nicos y ficheros almacenados en su sistema inform\u00e1tico.<br \/>\nLeClic Fotomat\u00f3n se exime de cualquier responsabilidad por los da\u00f1os y perjuicios de toda naturaleza que puedan deberse a la presencia de virus en los contenidos que puedan producir alteraciones en el sistema inform\u00e1tico, documentos electr\u00f3nicos, ficheros etc.<\/p>\n<p>5.4.- LeClic Fotomat\u00f3n no tiene obligaci\u00f3n y no controla la utilizaci\u00f3n que las personas usuarias hacen del presente sitio web. En particular, esta sociedad no garantiza que las personas usuarias utilicen el presente sitio web de conformidad con estas condiciones generales y, en su caso, las condiciones particulares que resulten de aplicaci\u00f3n, ni que lo hagan de forma diligente y prudente.<\/p>\n<h2>6. Propiedad intelectual<\/h2>\n<p>Todos los derechos sobre el contenido de la presente web pertenecen a LeClic Fotomat\u00f3n.<\/p>\n<p>El dise\u00f1o, im\u00e1genes, mapas, gr\u00e1ficos, marcas, r\u00f3tulos, signos distintivos o logotipos de esta web son titularidad de LeClic Fotomat\u00f3n que posee leg\u00edtimamente en exclusiva los derechos de explotaci\u00f3n sobre los mismos.<\/p>\n<p>Los logos o signos distintivos del resto de sociedades integrantes del denominado que pudieran aparecer en esta p\u00e1gina web durante la navegaci\u00f3n de la persona usuaria son titularidad de cada una de ellas, disponiendo leg\u00edtimamente en exclusiva los derechos de explotaci\u00f3n sobre los mismos, consintiendo expresamente que los mismos sean incorporados, en su caso, en la presente p\u00e1gina web.<\/p>\n<p>La persona usuaria que acceda a esta p\u00e1gina web no puede copiar, modificar, distribuir, transmitir, reproducir, publicar, ceder, vender los elementos anteriormente mencionados o crear nuevos productos o servicios derivados de la informaci\u00f3n obtenida.<\/p>\n<h2>7. V\u00ednculos o enlaces de la p\u00e1gina web<\/h2>\n<p>En el supuesto de que la presente p\u00e1gina WEB pudiera contener otros v\u00ednculos o enlaces con otros portales o sitios web no gestionados por LeClic Fotomat\u00f3n, esta sociedad manifiesta que no ejerce control alguno sobre dichos portales o sitios web, ni es responsable del contenido de los mismos.<\/p>\n<h2>8. Nulidad e ineficacia de las cl\u00e1usulas<\/h2>\n<p>Si cualquier cl\u00e1usula de las presentes condiciones generales de navegaci\u00f3n y uso de la presente p\u00e1gina web fuese declarada total o parcialmente nula o ineficaz afectar\u00e1 tan solo a dicha disposici\u00f3n o parte de la misma que resulte nula o ineficaz subsistiendo en todo lo dem\u00e1s, el resto de condiciones generales y teni\u00e9ndose tal disposici\u00f3n o la parte de la misma que resulte afectada por no puesta salvo que, por resultar esencial a las presentes condiciones generales, hubiese de afectarlas de forma integral.<\/p>\n<h2>9. Ley aplicable y jurisdicci\u00f3n<\/h2>\n<p>Estas condiciones generales de uso y navegaci\u00f3n, as\u00ed como cualquier relaci\u00f3n entre la persona usuaria y LeClic Fotomat\u00f3n se regir\u00e1n por la legislaci\u00f3n espa\u00f1ola.<br \/>\nPara cualquier litigio derivado de la existencia o contenido de las presentes condiciones generales o de las relaciones entre la persona usuaria y LeClic Fotomat\u00f3n, ambas partes, con renuncia expresa a cualquier otro fuero que pudiera corresponderles, se someten a la jurisdicci\u00f3n y competencia exclusiva de los Juzgados y Tribunales de Donostia-San Sebasti\u00e1n (Gipuzkoa).<\/p>\n","protected":false},"excerpt":{"rendered":"<p>1. \u00c1mbito El acceso a esta p\u00e1gina web se encuentra condicionado a la previa lectura y aceptaci\u00f3n por parte de cualquier persona usuaria de los t\u00e9rminos, condiciones, comunicaciones, advertencias y dem\u00e1s avisos legales contenidos en el presente clausulado. El acceso y posterior utilizaci\u00f3n de \u00e9sta por parte de la persona usuaria implicar\u00e1 su conformidad de &hellip; <a href=\"https:\/\/leclic.net\/eu\/lege-abisua\/\" class=\"more-link\">Continue reading<span class=\"screen-reader-text\"> &#8220;Lege abisua&#8221;<\/span><\/a><\/p>\n","protected":false},"author":1,"featured_media":0,"parent":0,"menu_order":0,"comment_status":"closed","ping_status":"closed","template":"page-contacto.php","meta":{"_acf_changed":false,"footnotes":""},"class_list":["post-17270","page","type-page","status-publish","hentry"],"acf":[],"_links":{"self":[{"href":"https:\/\/leclic.net\/eu\/wp-json\/wp\/v2\/pages\/17270","targetHints":{"allow":["GET"]}}],"collection":[{"href":"https:\/\/leclic.net\/eu\/wp-json\/wp\/v2\/pages"}],"about":[{"href":"https:\/\/leclic.net\/eu\/wp-json\/wp\/v2\/types\/page"}],"author":[{"embeddable":true,"href":"https:\/\/leclic.net\/eu\/wp-json\/wp\/v2\/users\/1"}],"replies":[{"embeddable":true,"href":"https:\/\/leclic.net\/eu\/wp-json\/wp\/v2\/comments?post=17270"}],"version-history":[{"count":1,"href":"https:\/\/leclic.net\/eu\/wp-json\/wp\/v2\/pages\/17270\/revisions"}],"predecessor-version":[{"id":17271,"href":"https:\/\/leclic.net\/eu\/wp-json\/wp\/v2\/pages\/17270\/revisions\/17271"}],"wp:attachment":[{"href":"https:\/\/leclic.net\/eu\/wp-json\/wp\/v2\/media?parent=17270"}],"curies":[{"name":"wp","href":"https:\/\/api.w.org\/{rel}","templated":true}]}}