{"id":15518,"date":"2016-02-08T15:15:18","date_gmt":"2016-02-08T14:15:18","guid":{"rendered":"https:\/\/leclic.net\/inicio\/"},"modified":"2025-08-04T21:06:15","modified_gmt":"2025-08-04T19:06:15","slug":"inicio","status":"publish","type":"page","link":"https:\/\/leclic.net\/eu\/","title":{"rendered":"LeClic Fotomat\u00f3n"},"content":{"rendered":"<div class=\"row\">\n<div class=\"col-xs-12 col-md-4\">\n<h2>Fotomatoia&#8230;<br \/>\n<a href=\"https:\/\/leclic.net\/eu\/ezkontzetarako-fotomatoia\/\">ezkontzetarako<\/a><\/h2>\n<p>Zuen ezkontzarako osagarririk dibertigarriena. <a href=\"https:\/\/leclic.net\/eu\/ezkontzetarako-fotomatoia\/gipuzkoa\/\">Gipuzkoa<\/a>, <a href=\"https:\/\/leclic.net\/eu\/ezkontzetarako-fotomatoia\/nafarroa\/\">Nafarroa<\/a>, Bizkaia eta Arabako ezkontzetan lan egiten dugu.<\/p>\n<p>Gonbidatuek argazkiaren kopia bat eramaten dute eta beste bat sinadura-albumean uzten dute beren oroigarri mezuekin batera. Oroitzapen bikaina zuentzat!<\/p>\n<p>Eta paperezko argazkiez gain, argazki guztiak formatu digitalean ere ematen ditugu.<\/p>\n<\/div>\n<div class=\"col-xs-12 col-md-4\">\n<h2>Fotomatoia&#8230;<br \/>\n<a href=\"https:\/\/leclic.net\/eu\/festa-eta-urtebetetzerako-fotomatoia\/\">festa eta urtebetetzeetarako<\/a><\/h2>\n<p>Fotomatoia ekitaldiaren motiboekin pertsonalizatzen dugu eta gonbidatuek atrezzoko osagarriak dituzte kameraren aurrean mozorrotzeko.<\/p>\n<p>Beti duzue <em>LeClic Fotomat\u00f3n<\/em> taldeko kide bat fotomatoiarekin laguntzeko.<\/p>\n<\/div>\n<div class=\"col-xs-12 col-md-4\">\n<h2>Fotomatoia&#8230;<br \/>\n<a href=\"https:\/\/leclic.net\/eu\/enpresa-ekitaldi-eta-kongresuetarako-fotomatoia\/\">empresa, ekitaldi eta kongresuetarako<\/a><\/h2>\n<p>Publizitatea sortzeko gaitasun handia.<\/p>\n<p>Kopiak marka edo logotipoarekin pertsonalizatzeko aukera.<\/p>\n<p>Sare sozialetan argazkiak partekatzeko aukera, markaren eragina handitzeko eta bere negozioa bultzatzeko gaitasuna.<\/p>\n<\/div>\n<\/div>\n<div class=\"row\">\n<div class=\"col-xs-2 col-md-4\"><\/div>\n<div class=\"col-xs-8 col-md-4\"><a class=\"btn btn-lg btn-danger btn-presupuesto\" href=\"https:\/\/leclic.net\/eu\/kontaktua\/\">Aurrekontua eskatu<\/a><\/div>\n<div class=\"col-xs-2 col-md-4\"><\/div>\n<\/div>\n","protected":false},"excerpt":{"rendered":"<p>Alquiler de fotomat\u00f3n para bodas y eventos. Trabajamos en Gipuzkoa, Navarra, Bizkaia y \u00c1lava. C\u00e1mara reflex para obtener fotos de excelente calidad.<\/p>\n","protected":false},"author":1,"featured_media":0,"parent":0,"menu_order":0,"comment_status":"closed","ping_status":"closed","template":"page-portada.php","meta":{"_acf_changed":false,"footnotes":""},"class_list":["post-15518","page","type-page","status-publish","hentry"],"acf":[],"_links":{"self":[{"href":"https:\/\/leclic.net\/eu\/wp-json\/wp\/v2\/pages\/15518","targetHints":{"allow":["GET"]}}],"collection":[{"href":"https:\/\/leclic.net\/eu\/wp-json\/wp\/v2\/pages"}],"about":[{"href":"https:\/\/leclic.net\/eu\/wp-json\/wp\/v2\/types\/page"}],"author":[{"embeddable":true,"href":"https:\/\/leclic.net\/eu\/wp-json\/wp\/v2\/users\/1"}],"replies":[{"embeddable":true,"href":"https:\/\/leclic.net\/eu\/wp-json\/wp\/v2\/comments?post=15518"}],"version-history":[{"count":8,"href":"https:\/\/leclic.net\/eu\/wp-json\/wp\/v2\/pages\/15518\/revisions"}],"predecessor-version":[{"id":32317,"href":"https:\/\/leclic.net\/eu\/wp-json\/wp\/v2\/pages\/15518\/revisions\/32317"}],"wp:attachment":[{"href":"https:\/\/leclic.net\/eu\/wp-json\/wp\/v2\/media?parent=15518"}],"curies":[{"name":"wp","href":"https:\/\/api.w.org\/{rel}","templated":true}]}}